{"id":1055,"date":"2021-05-07T01:01:57","date_gmt":"2021-05-07T01:01:57","guid":{"rendered":"https:\/\/leverage.codings.dev\/?page_id=1055"},"modified":"2023-12-12T14:07:44","modified_gmt":"2023-12-12T14:07:44","slug":"aktualne-priloznosti","status":"publish","type":"page","link":"https:\/\/it-class.eu\/si\/aktualne-priloznosti\/","title":{"rendered":"Aktualne prilo\u017enosti"},"content":{"rendered":"\t\t<div data-elementor-type=\"wp-page\" data-elementor-id=\"1055\" class=\"elementor elementor-1055\">\n\t\t\t\t\t\t<section class=\"elementor-section elementor-top-section elementor-element elementor-element-d415d90 elementor-section-full_width odd featured heroloxo elementor-section-height-default elementor-section-height-default\" data-id=\"d415d90\" data-element_type=\"section\" data-e-type=\"section\" data-settings=\"{&quot;background_background&quot;:&quot;classic&quot;}\">\n\t\t\t\t\t\t\t<div class=\"elementor-background-overlay\"><\/div>\n\t\t\t\t\t\t\t<div class=\"elementor-container elementor-column-gap-no\">\n\t\t\t\t\t<div class=\"elementor-column elementor-col-100 elementor-top-column elementor-element elementor-element-0ffac64\" data-id=\"0ffac64\" data-element_type=\"column\" data-e-type=\"column\">\n\t\t\t<div class=\"elementor-widget-wrap elementor-element-populated\">\n\t\t\t\t\t\t<div class=\"elementor-element elementor-element-dad2f80 elementor-widget elementor-widget-leverage-slider\" data-id=\"dad2f80\" data-element_type=\"widget\" data-e-type=\"widget\" data-widget_type=\"leverage-slider.default\">\n\t\t\t\t<div class=\"elementor-widget-container\">\n\t\t\t\t\t\r\n\t\t<section class=\"hero p-0\">\r\n\t\t\t<div class=\"swiper-container slider-container no-slider animation slider-h-auto slider-h-55\" data-speed=\"10000\">\r\n\t\t\t\t<div class=\"swiper-wrapper\">\r\n\r\n\t\t\t\t\t\r\n\t\t\t\t\t\t<div class=\"swiper-slide slide-center slider-item\">\r\n\r\n\t\t\t\t\t\t\t\t\t\t\t\t\t\t\t<div id=\"particles-1\" class=\"particles full-image\" data-particle=\"default\"><\/div>\r\n\t\t\t\t\t\t\t\r\n\t\t\t\t\t\t\t\r\n\t\t\t\t\t\t\t<div class=\"slide-content row\">\r\n\t\t\t\t\t\t\t\t<div class=\"col-12 d-flex justify-content-center inner\">\r\n\t\t\t\t\t\t\t\t\t<div class=\"slider-outline  center text-center text-md-center\" style=\"width: 79%\">\r\n\r\n\t\t\t\t\t\t\t\t\t\t\t\t\t\t\t\t\t\t\t\t\t<h1 class=\"title effect-static-text title effect-static-text\" data-aos=\"zoom-out-up\" data-aos-delay=\"400\">\r\n\t\t\t\t\t\t\t\t\t\t\t\tAktualne prilo\u017enosti\t\t\t\t\t\t\t\t\t\t\t<\/h1>\r\n\t\t\t\t\t\t\t\t\t\t\r\n\t\t\t\t\t\t\t\t\t\t\r\n\t\t\t\t\t\t\t\t\t\t\t\t\t\t\t\t\t\t\t\t\t<p class=\"description description\" data-aos=\"zoom-out-up\" data-aos-delay=\"800\">\r\n\t\t\t\t\t\t\t\t\t\t\t\tNa\u0161i zaposlitveni partnerji so uspe\u0161na podjetja, ki ponujajo dinami\u010dno delo,  stimulativno pla\u010dilo in mo\u017enost kariernega ter osebnega razvoja. ITClass svetovalci aktivno spremljamo va\u0161 razvoj in smo most med vami in \u017eelenim podjetjem.\t\t\t\t\t\t\t\t\t\t\t<\/p>\r\n\t\t\t\t\t\t\t\t\t\t\r\n\t\t\t\t\t\t\t\t\t\t<div class=\"buttons buttons\" data-aos=\"zoom-out-up\" data-aos-delay=\"1200\">\r\n\r\n\t\t\t\t\t\t\t\t\t\t\t\r\n\t\t\t\t\t\t\t\t\t\t\t<div class=\"d-sm-inline-flex justify-content-center\">\r\n\r\n\t\t\t\t\t\t\t\t\t\t\t\t\r\n\t\t\t\t\t\t\t\t\t\t\t\t\t\t\t\t\t\t\t\t\t\t\t\t\t<a href=\"https:\/\/it-class.eu\/si\/aktualne-priloznosti\/itclass-open-call-general-application-1561428\/\" class=\"mx-auto ml-sm-0 mr-sm-0 mt-4 btn primary-button\"  target=\"_blank\" rel=\"nofollow\">\r\n\t\t\t\t\t\t\t\t\t\t\t\t\t\tSPLO\u0160NA PRIJAVA\t\t\t\t\t\t\t\t\t\t\t\t\t<\/a>\t\t\t\t\t\t\t\t\t\t\t\t\r\n\t\t\t\t\t\t\t\t\t\t\t\t\t\t\t\t\t\t\t\t\t\t\t\t\r\n\t\t\t\t\t\t\t\t\t\t\t\t\r\n\t\t\t\t\t\t\t\t\t\t\t\t\r\n\t\t\t\t\t\t\t\t\t\t\t<\/div>\r\n\t\t\t\t\t\t\t\t\t\t<\/div>\r\n\r\n\t\t\t\t\t\t\t\t\t<\/div>\r\n\t\t\t\t\t\t\t\t<\/div>\r\n\t\t\t\t\t\t\t<\/div>\r\n\t\t\t\t\t\t<\/div>\r\n\t\t\t\t\t\r\n\t\t\t\t\t\r\n\t\t\t\t<\/div>\r\n\t\t\t\t\t\t\t\t\t<div class=\"swiper-pagination slider-pagination\"><\/div>\r\n\t\t\t\t\t\t\t\t\t\r\n\t\t\t<\/div>\r\n\t\t<\/section>\r\n\r\n\t\t\t\t\t\t<\/div>\n\t\t\t\t<\/div>\n\t\t\t\t\t<\/div>\n\t\t<\/div>\n\t\t\t\t\t<\/div>\n\t\t<\/section>\n\t\t\t\t<section class=\"elementor-section elementor-top-section elementor-element elementor-element-6222eb4 elementor-section-boxed elementor-section-height-default elementor-section-height-default\" data-id=\"6222eb4\" data-element_type=\"section\" data-e-type=\"section\">\n\t\t\t\t\t\t<div class=\"elementor-container elementor-column-gap-default\">\n\t\t\t\t\t<div class=\"elementor-column elementor-col-100 elementor-top-column elementor-element elementor-element-7107b76\" data-id=\"7107b76\" data-element_type=\"column\" data-e-type=\"column\">\n\t\t\t<div class=\"elementor-widget-wrap elementor-element-populated\">\n\t\t\t\t\t\t<div class=\"elementor-element elementor-element-46e476a elementor-widget elementor-widget-limestaff-jobs\" data-id=\"46e476a\" data-element_type=\"widget\" data-e-type=\"widget\" data-widget_type=\"limestaff-jobs.default\">\n\t\t\t\t<div class=\"elementor-widget-container\">\n\t\t\t\t\t<section id=\"limestaff-job-search\">\n    <div class=\"job-search\">\n\t<form action=\"https:\/\/it-class.eu\/si\/aktualne-priloznosti\/\" method=\"post\" id=\"limestaff-jobs-search\">\n\t\t<input type=\"text\" name=\"job-search-keyword\" class=\"job-search-keyword\" placeholder=\"Vpi\u0161ite klju\u010dne besede\"\n\t\t\tvalue=\"\" \/>\n\t\t<div class=\"form-inner-row\">\n            \n                \n                                    <input type=\"hidden\" name=\"job-search-category[]\" value=\"627565\" \/>\n                    <select name=\"job-search-category[]\" id=\"job-search-category\">\n                        <option value=\"627565\"   selected='selected'>Vse kategorije<\/option>\n                        <option value=\"571222\" style=\"display:none\" >Analitika in podatkovna znanost<\/option>\n                        <option value=\"571288\" style=\"display:none\" >Dizajn<\/option>\n                        <option value=\"571219\"  >Razvoj<\/option>\n                        <option value=\"571220\"  >IT, sistemska administracija in in\u017eeniring<\/option>\n                        <option value=\"571287\" style=\"display:none\" >Drugo<\/option>\n                        <option value=\"571221\" style=\"display:none\" >Produktno in projektno vodenje<\/option>\n                        <option value=\"571286\"  >Prodaja<\/option>\n                        <option value=\"575617\" style=\"display:none\" >Podpora<\/option>\n                    <\/select>\n                \n                \n            \n\t\t\t\n\n            <select name=\"job-search-region\" id=\"job-search-region\">\n                <option value=\"any\">Vse regije<\/option>\n                                    <option value=\"Undefined\" >Nedefinirano<\/option>\n                                    <option value=\"Osrednjeslovenska regija\" >Osrednjeslovenska regija<\/option>\n                            <\/select>\n\n\t\t<\/div>\n\n\t\t\n\t\t\t\t<div class=\"form-inner-row\">\n\t\t\t\t\t<input type=\"submit\" class=\"button-border\" value=\"Iskanje\" \/>\n\n                    <a class=\"btn resetfilter\" href=\"https:\/\/it-class.eu\/si\/aktualne-priloznosti\/\">Ponastavi<\/a>\n\t\t\t\t<\/div>\n\n\t<\/form>\n\t<input type=\"hidden\" id=\"cvalue\" value=\"firstclass:firstclass_api*3zmtGD1gbxgT1y9\" \/>\n<\/div>    <div class=\"jobs-wrapper\">\n                                                    <article class=\"job pkshow\" data-job=\"3504490\" data-region=\"Osrednjeslovenska regija\"\n                         data-category=\"627565,627564,571219,571220,571278,571281\"\n                >\n                    <a href=\"https:\/\/it-class.eu\/si\/aktualne-priloznosti\/it-sap-specialist-mf-3504490\/\">\n                        <h4>\n                            IT SAP Specialist (m\/f)\n                            <div class=\"mobileShow clearfix\"><\/div>\n                            <div class=\"job-meta mobileShow\">\n                                                                    <span class=\"location\">\n\t\t\t\t\t\t\t\t\tLjubljana\t\t\t\t\t\t\t\t<\/span>\n                                                                                                                            <\/div>\n                        <\/h4>\n\n                        <span class=\"job-goto\">\n                                <b>&gt;<\/b>\n                            <\/span>\n                        <div class=\"job-meta desktopShow\">\n                                                            <span class=\"location\">\n\t\t\t\t\t\t\t\t\tLjubljana\t\t\t\t\t\t\t\t<\/span>\n                                                                                                            <\/div>\n\n                    <\/a>\n                <\/article>\n                                            <article class=\"job pkshow\" data-job=\"3495550\" data-region=\"Osrednjeslovenska regija\"\n                         data-category=\"627565,571219,571220\"\n                >\n                    <a href=\"https:\/\/it-class.eu\/si\/aktualne-priloznosti\/c-razvijalec-mz-3495550\/\">\n                        <h4>\n                            C++ razvijalec (m\/\u017e)\n                            <div class=\"mobileShow clearfix\"><\/div>\n                            <div class=\"job-meta mobileShow\">\n                                                                    <span class=\"location\">\n\t\t\t\t\t\t\t\t\tLjubljana\t\t\t\t\t\t\t\t<\/span>\n                                                                                                                            <\/div>\n                        <\/h4>\n\n                        <span class=\"job-goto\">\n                                <b>&gt;<\/b>\n                            <\/span>\n                        <div class=\"job-meta desktopShow\">\n                                                            <span class=\"location\">\n\t\t\t\t\t\t\t\t\tLjubljana\t\t\t\t\t\t\t\t<\/span>\n                                                                                                            <\/div>\n\n                    <\/a>\n                <\/article>\n                                            <article class=\"job pkshow\" data-job=\"3311034\" data-region=\"Osrednjeslovenska regija\"\n                         data-category=\"627565,627564,571219,571286,571211\"\n                >\n                    <a href=\"https:\/\/it-class.eu\/si\/aktualne-priloznosti\/business-development-manager-mf-3311034\/\">\n                        <h4>\n                            Business Development Manager (m\/f)\n                            <div class=\"mobileShow clearfix\"><\/div>\n                            <div class=\"job-meta mobileShow\">\n                                                                    <span class=\"location\">\n\t\t\t\t\t\t\t\t\tLjubljana\t\t\t\t\t\t\t\t<\/span>\n                                                                                                                            <\/div>\n                        <\/h4>\n\n                        <span class=\"job-goto\">\n                                <b>&gt;<\/b>\n                            <\/span>\n                        <div class=\"job-meta desktopShow\">\n                                                            <span class=\"location\">\n\t\t\t\t\t\t\t\t\tLjubljana\t\t\t\t\t\t\t\t<\/span>\n                                                                                                            <\/div>\n\n                    <\/a>\n                <\/article>\n                                            <article class=\"job pkshow\" data-job=\"2960730\" data-region=\"Undefined\"\n                         data-category=\"627565,571220\"\n                >\n                    <a href=\"https:\/\/it-class.eu\/si\/aktualne-priloznosti\/neo-general-application-2960730\/\">\n                        <h4>\n                            NEO General Application\n                            <div class=\"mobileShow clearfix\"><\/div>\n                            <div class=\"job-meta mobileShow\">\n                                                                    <span class=\"location\">\n\t\t\t\t\t\t\t\t\t\t\t\t\t\t\t\t\t<\/span>\n                                                                                                                            <\/div>\n                        <\/h4>\n\n                        <span class=\"job-goto\">\n                                <b>&gt;<\/b>\n                            <\/span>\n                        <div class=\"job-meta desktopShow\">\n                                                            <span class=\"location\">\n\t\t\t\t\t\t\t\t\t\t\t\t\t\t\t\t\t<\/span>\n                                                                                                            <\/div>\n\n                    <\/a>\n                <\/article>\n                                            <article class=\"job pkshow\" data-job=\"2393321\" data-region=\"Undefined\"\n                         data-category=\"627565,571219\"\n                >\n                    <a href=\"https:\/\/it-class.eu\/si\/aktualne-priloznosti\/java-software-engineer-open-call-2393321\/\">\n                        <h4>\n                            Java Software Engineer - OPEN CALL\n                            <div class=\"mobileShow clearfix\"><\/div>\n                            <div class=\"job-meta mobileShow\">\n                                                                    <span class=\"location\">\n\t\t\t\t\t\t\t\t\t\t\t\t\t\t\t\t\t<\/span>\n                                                                                                                            <\/div>\n                        <\/h4>\n\n                        <span class=\"job-goto\">\n                                <b>&gt;<\/b>\n                            <\/span>\n                        <div class=\"job-meta desktopShow\">\n                                                            <span class=\"location\">\n\t\t\t\t\t\t\t\t\t\t\t\t\t\t\t\t\t<\/span>\n                                                                                                            <\/div>\n\n                    <\/a>\n                <\/article>\n                                            <article class=\"job pkshow\" data-job=\"1561428\" data-region=\"Undefined\"\n                         data-category=\"627565,571219\"\n                >\n                    <a href=\"https:\/\/it-class.eu\/si\/aktualne-priloznosti\/itclass-open-call-general-application-1561428\/\">\n                        <h4>\n                            ITClass Open Call (General Application)\n                            <div class=\"mobileShow clearfix\"><\/div>\n                            <div class=\"job-meta mobileShow\">\n                                                                    <span class=\"location\">\n\t\t\t\t\t\t\t\t\t\t\t\t\t\t\t\t\t<\/span>\n                                                                                                                            <\/div>\n                        <\/h4>\n\n                        <span class=\"job-goto\">\n                                <b>&gt;<\/b>\n                            <\/span>\n                        <div class=\"job-meta desktopShow\">\n                                                            <span class=\"location\">\n\t\t\t\t\t\t\t\t\t\t\t\t\t\t\t\t\t<\/span>\n                                                                                                            <\/div>\n\n                    <\/a>\n                <\/article>\n                        <\/div>\n    <\/section>\n\n<script>\n    jQuery(function(){\n        jQuery(\"#job-search-region\").change(function (){\n            var jobs = jQuery(\".job\");\n            var selectedRegion = jQuery(this).val();\n            var selectedCategory = jQuery(\"#job-search-category\").val();\n\n            if(selectedRegion == 'any'){\n                jobs.each(function(k, v){\n                   jQuery(v).show();\n                   jQuery(v).addClass('pkshow');\n                });\n                return true;\n            }\n\n            jobs.each(function(k, v){\n                \/\/ if(!jQuery(v).hasClass('pkshow')){\n                \/\/     return true;\n                \/\/ }\n\n                var scategory = false;\n                if((selectedCategory == '627566') || (selectedCategory == '627565') || (selectedCategory == '627564')) {\n                    scategory = true;\n                }else {\n                    if (jQuery(v).data('category').toString().indexOf(selectedCategory) > 0) {\n                        scategory = true;\n                    }\n                }\n\n                if(\n                    jQuery(v).data('region') === selectedRegion\n                    &&\n                    scategory\n                ) {\n                    jQuery(v).show();\n                    jQuery(v).addClass('pkshow');\n                }else{\n                    jQuery(v).hide();\n                    jQuery(v).removeClass('pkshow');\n                }\n            });\n        });\n        jQuery(\"#job-search-category\").change(function (){\n            var jobs = jQuery(\".job\");\n            var selectedRegion = jQuery(\"#job-search-region\").val();\n            var selectedCategory = jQuery(this).val();\n\n            if((selectedCategory == '627566') || (selectedCategory == '627565') || (selectedCategory == '627564')){\n                jobs.each(function(k, v){\n                   jQuery(v).show();\n                    jQuery(v).addClass('pkshow');\n                });\n                return true;\n            }\n\n            \/\/ if(selectedRegion == 'any'){\n            \/\/     selectedRegion = true;\n            \/\/ }\n\n            jobs.each(function(k, v){\n                var category = jQuery(v).data('category');\n                \/\/ if(!jQuery(v).hasClass('pkshow')){\n                \/\/     return true;\n                \/\/ }\n\n                var sregion = false;\n                if(selectedRegion == 'any'){\n                    sregion = true;\n                }else {\n                    if (jQuery(v).data('region') === selectedRegion) {\n                        sregion = true;\n                    }\n                }\n\n                if(\n                    category.toString().indexOf(selectedCategory) > 0\n                    &&\n                    sregion\n                ) {\n                    jQuery(v).show();\n                    jQuery(v).addClass('pkshow');\n                }else{\n                    jQuery(v).hide();\n                    jQuery(v).removeClass('pkshow');\n                }\n            });\n        });\n    });\n<\/script>\t\t\t\t<\/div>\n\t\t\t\t<\/div>\n\t\t\t\t\t<\/div>\n\t\t<\/div>\n\t\t\t\t\t<\/div>\n\t\t<\/section>\n\t\t\t\t<\/div>\n\t\t","protected":false},"excerpt":{"rendered":"<p>Aktualne prilo\u017enosti Na\u0161i zaposlitveni partnerji so uspe\u0161na podjetja, ki ponujajo dinami\u010dno delo, stimulativno pla\u010dilo in mo\u017enost kariernega ter osebnega razvoja&#8230;.<\/p>\n","protected":false},"author":1,"featured_media":0,"parent":0,"menu_order":0,"comment_status":"closed","ping_status":"closed","template":"templates\/full-width.php","meta":{"footnotes":""},"class_list":["post-1055","page","type-page","status-publish","hentry"],"yoast_head":"<!-- This site is optimized with the Yoast SEO plugin v27.2 - https:\/\/yoast.com\/product\/yoast-seo-wordpress\/ -->\n<title>Aktualne prilo\u017enosti - ITClass<\/title>\n<meta name=\"description\" content=\"Oglejte si prosta delovna mesta, ki jih ponujamo za junior, mid, senior developerje, sistemske in\u017eenirje, podatkovne znanstvenike in druge.\" \/>\n<meta name=\"robots\" content=\"index, follow, max-snippet:-1, max-image-preview:large, max-video-preview:-1\" \/>\n<link rel=\"canonical\" href=\"https:\/\/it-class.eu\/si\/aktualne-priloznosti\/\" \/>\n<meta property=\"og:locale\" content=\"en_US\" \/>\n<meta property=\"og:type\" content=\"article\" \/>\n<meta property=\"og:title\" content=\"Aktualne prilo\u017enosti - ITClass\" \/>\n<meta property=\"og:description\" content=\"Oglejte si prosta delovna mesta, ki jih ponujamo za junior, mid, senior developerje, sistemske in\u017eenirje, podatkovne znanstvenike in druge.\" \/>\n<meta property=\"og:url\" content=\"https:\/\/it-class.eu\/si\/aktualne-priloznosti\/\" \/>\n<meta property=\"og:site_name\" content=\"ITClass\" \/>\n<meta property=\"article:modified_time\" content=\"2023-12-12T14:07:44+00:00\" \/>\n<meta name=\"twitter:card\" content=\"summary_large_image\" \/>\n<meta name=\"twitter:label1\" content=\"Est. reading time\" \/>\n\t<meta name=\"twitter:data1\" content=\"1 minute\" \/>\n<script type=\"application\/ld+json\" class=\"yoast-schema-graph\">{\"@context\":\"https:\/\/schema.org\",\"@graph\":[{\"@type\":\"WebPage\",\"@id\":\"https:\/\/it-class.eu\/si\/aktualne-priloznosti\/\",\"url\":\"https:\/\/it-class.eu\/si\/aktualne-priloznosti\/\",\"name\":\"Aktualne prilo\u017enosti - ITClass\",\"isPartOf\":{\"@id\":\"https:\/\/it-class.eu\/si\/#website\"},\"datePublished\":\"2021-05-07T01:01:57+00:00\",\"dateModified\":\"2023-12-12T14:07:44+00:00\",\"description\":\"Oglejte si prosta delovna mesta, ki jih ponujamo za junior, mid, senior developerje, sistemske in\u017eenirje, podatkovne znanstvenike in druge.\",\"breadcrumb\":{\"@id\":\"https:\/\/it-class.eu\/si\/aktualne-priloznosti\/#breadcrumb\"},\"inLanguage\":\"en-US\",\"potentialAction\":[{\"@type\":\"ReadAction\",\"target\":[\"https:\/\/it-class.eu\/si\/aktualne-priloznosti\/\"]}]},{\"@type\":\"BreadcrumbList\",\"@id\":\"https:\/\/it-class.eu\/si\/aktualne-priloznosti\/#breadcrumb\",\"itemListElement\":[{\"@type\":\"ListItem\",\"position\":1,\"name\":\"Home\",\"item\":\"https:\/\/it-class.eu\/si\/\"},{\"@type\":\"ListItem\",\"position\":2,\"name\":\"Aktualne prilo\u017enosti\"}]},{\"@type\":\"WebSite\",\"@id\":\"https:\/\/it-class.eu\/si\/#website\",\"url\":\"https:\/\/it-class.eu\/si\/\",\"name\":\"ITClass\",\"description\":\"Ustvarjamo uspe\u0161ne ekipe po vsem svetu.\",\"publisher\":{\"@id\":\"https:\/\/it-class.eu\/si\/#organization\"},\"potentialAction\":[{\"@type\":\"SearchAction\",\"target\":{\"@type\":\"EntryPoint\",\"urlTemplate\":\"https:\/\/it-class.eu\/si\/?s={search_term_string}\"},\"query-input\":{\"@type\":\"PropertyValueSpecification\",\"valueRequired\":true,\"valueName\":\"search_term_string\"}}],\"inLanguage\":\"en-US\"},{\"@type\":\"Organization\",\"@id\":\"https:\/\/it-class.eu\/si\/#organization\",\"name\":\"ITClass\",\"url\":\"https:\/\/it-class.eu\/si\/\",\"logo\":{\"@type\":\"ImageObject\",\"inLanguage\":\"en-US\",\"@id\":\"https:\/\/it-class.eu\/si\/#\/schema\/logo\/image\/\",\"url\":\"https:\/\/it-class.eu\/si\/wp-content\/uploads\/2021\/03\/cropped-itclass-favicon-blue.png\",\"contentUrl\":\"https:\/\/it-class.eu\/si\/wp-content\/uploads\/2021\/03\/cropped-itclass-favicon-blue.png\",\"width\":512,\"height\":512,\"caption\":\"ITClass\"},\"image\":{\"@id\":\"https:\/\/it-class.eu\/si\/#\/schema\/logo\/image\/\"}}]}<\/script>\n<!-- \/ Yoast SEO plugin. -->","yoast_head_json":{"title":"Aktualne prilo\u017enosti - ITClass","description":"Oglejte si prosta delovna mesta, ki jih ponujamo za junior, mid, senior developerje, sistemske in\u017eenirje, podatkovne znanstvenike in druge.","robots":{"index":"index","follow":"follow","max-snippet":"max-snippet:-1","max-image-preview":"max-image-preview:large","max-video-preview":"max-video-preview:-1"},"canonical":"https:\/\/it-class.eu\/si\/aktualne-priloznosti\/","og_locale":"en_US","og_type":"article","og_title":"Aktualne prilo\u017enosti - ITClass","og_description":"Oglejte si prosta delovna mesta, ki jih ponujamo za junior, mid, senior developerje, sistemske in\u017eenirje, podatkovne znanstvenike in druge.","og_url":"https:\/\/it-class.eu\/si\/aktualne-priloznosti\/","og_site_name":"ITClass","article_modified_time":"2023-12-12T14:07:44+00:00","twitter_card":"summary_large_image","twitter_misc":{"Est. reading time":"1 minute"},"schema":{"@context":"https:\/\/schema.org","@graph":[{"@type":"WebPage","@id":"https:\/\/it-class.eu\/si\/aktualne-priloznosti\/","url":"https:\/\/it-class.eu\/si\/aktualne-priloznosti\/","name":"Aktualne prilo\u017enosti - ITClass","isPartOf":{"@id":"https:\/\/it-class.eu\/si\/#website"},"datePublished":"2021-05-07T01:01:57+00:00","dateModified":"2023-12-12T14:07:44+00:00","description":"Oglejte si prosta delovna mesta, ki jih ponujamo za junior, mid, senior developerje, sistemske in\u017eenirje, podatkovne znanstvenike in druge.","breadcrumb":{"@id":"https:\/\/it-class.eu\/si\/aktualne-priloznosti\/#breadcrumb"},"inLanguage":"en-US","potentialAction":[{"@type":"ReadAction","target":["https:\/\/it-class.eu\/si\/aktualne-priloznosti\/"]}]},{"@type":"BreadcrumbList","@id":"https:\/\/it-class.eu\/si\/aktualne-priloznosti\/#breadcrumb","itemListElement":[{"@type":"ListItem","position":1,"name":"Home","item":"https:\/\/it-class.eu\/si\/"},{"@type":"ListItem","position":2,"name":"Aktualne prilo\u017enosti"}]},{"@type":"WebSite","@id":"https:\/\/it-class.eu\/si\/#website","url":"https:\/\/it-class.eu\/si\/","name":"ITClass","description":"Ustvarjamo uspe\u0161ne ekipe po vsem svetu.","publisher":{"@id":"https:\/\/it-class.eu\/si\/#organization"},"potentialAction":[{"@type":"SearchAction","target":{"@type":"EntryPoint","urlTemplate":"https:\/\/it-class.eu\/si\/?s={search_term_string}"},"query-input":{"@type":"PropertyValueSpecification","valueRequired":true,"valueName":"search_term_string"}}],"inLanguage":"en-US"},{"@type":"Organization","@id":"https:\/\/it-class.eu\/si\/#organization","name":"ITClass","url":"https:\/\/it-class.eu\/si\/","logo":{"@type":"ImageObject","inLanguage":"en-US","@id":"https:\/\/it-class.eu\/si\/#\/schema\/logo\/image\/","url":"https:\/\/it-class.eu\/si\/wp-content\/uploads\/2021\/03\/cropped-itclass-favicon-blue.png","contentUrl":"https:\/\/it-class.eu\/si\/wp-content\/uploads\/2021\/03\/cropped-itclass-favicon-blue.png","width":512,"height":512,"caption":"ITClass"},"image":{"@id":"https:\/\/it-class.eu\/si\/#\/schema\/logo\/image\/"}}]}},"_links":{"self":[{"href":"https:\/\/it-class.eu\/si\/wp-json\/wp\/v2\/pages\/1055","targetHints":{"allow":["GET"]}}],"collection":[{"href":"https:\/\/it-class.eu\/si\/wp-json\/wp\/v2\/pages"}],"about":[{"href":"https:\/\/it-class.eu\/si\/wp-json\/wp\/v2\/types\/page"}],"author":[{"embeddable":true,"href":"https:\/\/it-class.eu\/si\/wp-json\/wp\/v2\/users\/1"}],"replies":[{"embeddable":true,"href":"https:\/\/it-class.eu\/si\/wp-json\/wp\/v2\/comments?post=1055"}],"version-history":[{"count":116,"href":"https:\/\/it-class.eu\/si\/wp-json\/wp\/v2\/pages\/1055\/revisions"}],"predecessor-version":[{"id":7495,"href":"https:\/\/it-class.eu\/si\/wp-json\/wp\/v2\/pages\/1055\/revisions\/7495"}],"wp:attachment":[{"href":"https:\/\/it-class.eu\/si\/wp-json\/wp\/v2\/media?parent=1055"}],"curies":[{"name":"wp","href":"https:\/\/api.w.org\/{rel}","templated":true}]}}